{"id":258,"date":"2023-05-04T20:11:41","date_gmt":"2023-05-04T19:11:41","guid":{"rendered":"http:\/\/rodyart.es\/?page_id=258"},"modified":"2023-08-29T22:19:14","modified_gmt":"2023-08-29T21:19:14","slug":"animales","status":"publish","type":"page","link":"http:\/\/rodyart.es\/index.php\/animales\/","title":{"rendered":"Animales"},"content":{"rendered":"\t\t<div data-elementor-type=\"wp-page\" data-elementor-id=\"258\" class=\"elementor elementor-258\">\n\t\t\t\t\t\t\t\t\t<section class=\"elementor-section elementor-top-section elementor-element elementor-element-3bafd39b elementor-section-content-middle elementor-section-boxed elementor-section-height-default elementor-section-height-default\" data-id=\"3bafd39b\" data-element_type=\"section\" data-settings=\"{&quot;background_background&quot;:&quot;gradient&quot;}\">\n\t\t\t\t\t\t<div class=\"elementor-container elementor-column-gap-default\">\n\t\t\t\t\t<div class=\"elementor-column elementor-col-50 elementor-top-column elementor-element elementor-element-6fc9c0b7\" data-id=\"6fc9c0b7\" data-element_type=\"column\">\n\t\t\t<div class=\"elementor-widget-wrap elementor-element-populated\">\n\t\t\t\t\t\t\t\t<div class=\"elementor-element elementor-element-9906786 elementor-hidden-mobile elementor-widget elementor-widget-heading\" data-id=\"9906786\" data-element_type=\"widget\" data-widget_type=\"heading.default\">\n\t\t\t\t<div class=\"elementor-widget-container\">\n\t\t\t<style>\/*! elementor - v3.15.0 - 02-08-2023 *\/\n.elementor-heading-title{padding:0;margin:0;line-height:1}.elementor-widget-heading .elementor-heading-title[class*=elementor-size-]>a{color:inherit;font-size:inherit;line-height:inherit}.elementor-widget-heading .elementor-heading-title.elementor-size-small{font-size:15px}.elementor-widget-heading .elementor-heading-title.elementor-size-medium{font-size:19px}.elementor-widget-heading .elementor-heading-title.elementor-size-large{font-size:29px}.elementor-widget-heading .elementor-heading-title.elementor-size-xl{font-size:39px}.elementor-widget-heading .elementor-heading-title.elementor-size-xxl{font-size:59px}<\/style><h2 class=\"elementor-heading-title elementor-size-default\">Animales pintados a pastel<\/h2>\t\t<\/div>\n\t\t\t\t<\/div>\n\t\t\t\t<div class=\"elementor-element elementor-element-4eceb56 elementor-hidden-desktop elementor-hidden-tablet elementor-widget elementor-widget-heading\" data-id=\"4eceb56\" data-element_type=\"widget\" data-widget_type=\"heading.default\">\n\t\t\t\t<div class=\"elementor-widget-container\">\n\t\t\t<h2 class=\"elementor-heading-title elementor-size-default\">Animales pintados a pastel<\/h2>\t\t<\/div>\n\t\t\t\t<\/div>\n\t\t\t\t<div class=\"elementor-element elementor-element-3117bece elementor-widget elementor-widget-text-editor\" data-id=\"3117bece\" data-element_type=\"widget\" data-widget_type=\"text-editor.default\">\n\t\t\t\t<div class=\"elementor-widget-container\">\n\t\t\t<style>\/*! elementor - v3.15.0 - 02-08-2023 *\/\n.elementor-widget-text-editor.elementor-drop-cap-view-stacked .elementor-drop-cap{background-color:#69727d;color:#fff}.elementor-widget-text-editor.elementor-drop-cap-view-framed .elementor-drop-cap{color:#69727d;border:3px solid;background-color:transparent}.elementor-widget-text-editor:not(.elementor-drop-cap-view-default) .elementor-drop-cap{margin-top:8px}.elementor-widget-text-editor:not(.elementor-drop-cap-view-default) .elementor-drop-cap-letter{width:1em;height:1em}.elementor-widget-text-editor .elementor-drop-cap{float:left;text-align:center;line-height:1;font-size:50px}.elementor-widget-text-editor .elementor-drop-cap-letter{display:inline-block}<\/style>\t\t\t\t<p>Ad\u00e9ntrate en el reino animal a trav\u00e9s de la mirada \u00fanica y expresiva de RodyArt. En esta secci\u00f3n, te invitamos a descubrir una colecci\u00f3n cautivadora de cuadros pintados a pastel que capturan la esencia misma de las criaturas que comparten nuestro planeta. Desde majestuosos depredadores hasta adorables compa\u00f1eros, cada obra es un tributo a la diversidad y la belleza de la fauna que nos rodea.<\/p>\t\t\t\t\t\t<\/div>\n\t\t\t\t<\/div>\n\t\t\t\t\t<\/div>\n\t\t<\/div>\n\t\t\t\t<div class=\"elementor-column elementor-col-50 elementor-top-column elementor-element elementor-element-5dbf258f\" data-id=\"5dbf258f\" data-element_type=\"column\">\n\t\t\t<div class=\"elementor-widget-wrap elementor-element-populated\">\n\t\t\t\t\t\t\t\t<div class=\"elementor-element elementor-element-45e4d27a elementor-hidden-mobile elementor-widget elementor-widget-image\" data-id=\"45e4d27a\" data-element_type=\"widget\" data-widget_type=\"image.default\">\n\t\t\t\t<div class=\"elementor-widget-container\">\n\t\t\t<style>\/*! elementor - v3.15.0 - 02-08-2023 *\/\n.elementor-widget-image{text-align:center}.elementor-widget-image a{display:inline-block}.elementor-widget-image a img[src$=\".svg\"]{width:48px}.elementor-widget-image img{vertical-align:middle;display:inline-block}<\/style>\t\t\t\t\t\t\t\t\t\t\t\t<img decoding=\"async\" width=\"300\" height=\"293\" src=\"http:\/\/rodyart.es\/wp-content\/uploads\/2023\/08\/IMG-20230803-WA0017-300x293.jpg\" class=\"attachment-medium size-medium wp-image-427\" alt=\"\" loading=\"lazy\" srcset=\"http:\/\/rodyart.es\/wp-content\/uploads\/2023\/08\/IMG-20230803-WA0017-300x293.jpg 300w, http:\/\/rodyart.es\/wp-content\/uploads\/2023\/08\/IMG-20230803-WA0017-1024x1001.jpg 1024w, http:\/\/rodyart.es\/wp-content\/uploads\/2023\/08\/IMG-20230803-WA0017-768x751.jpg 768w, http:\/\/rodyart.es\/wp-content\/uploads\/2023\/08\/IMG-20230803-WA0017-1536x1502.jpg 1536w, http:\/\/rodyart.es\/wp-content\/uploads\/2023\/08\/IMG-20230803-WA0017.jpg 1992w\" sizes=\"(max-width: 300px) 100vw, 300px\" \/>\t\t\t\t\t\t\t\t\t\t\t\t\t\t\t<\/div>\n\t\t\t\t<\/div>\n\t\t\t\t\t<\/div>\n\t\t<\/div>\n\t\t\t\t\t\t\t<\/div>\n\t\t<\/section>\n\t\t\t\t<section class=\"elementor-section elementor-top-section elementor-element elementor-element-ed21ca1 elementor-section-boxed elementor-section-height-default elementor-section-height-default\" data-id=\"ed21ca1\" data-element_type=\"section\">\n\t\t\t\t\t\t<div class=\"elementor-container elementor-column-gap-default\">\n\t\t\t\t\t<div class=\"elementor-column elementor-col-100 elementor-top-column elementor-element elementor-element-18ec6ad\" data-id=\"18ec6ad\" data-element_type=\"column\">\n\t\t\t<div class=\"elementor-widget-wrap elementor-element-populated\">\n\t\t\t\t\t\t\t\t<div class=\"elementor-element elementor-element-34d7e8a elementor-widget-divider--view-line elementor-widget elementor-widget-divider\" data-id=\"34d7e8a\" data-element_type=\"widget\" data-widget_type=\"divider.default\">\n\t\t\t\t<div class=\"elementor-widget-container\">\n\t\t\t<style>\/*! elementor - v3.15.0 - 02-08-2023 *\/\n.elementor-widget-divider{--divider-border-style:none;--divider-border-width:1px;--divider-color:#0c0d0e;--divider-icon-size:20px;--divider-element-spacing:10px;--divider-pattern-height:24px;--divider-pattern-size:20px;--divider-pattern-url:none;--divider-pattern-repeat:repeat-x}.elementor-widget-divider .elementor-divider{display:flex}.elementor-widget-divider .elementor-divider__text{font-size:15px;line-height:1;max-width:95%}.elementor-widget-divider .elementor-divider__element{margin:0 var(--divider-element-spacing);flex-shrink:0}.elementor-widget-divider .elementor-icon{font-size:var(--divider-icon-size)}.elementor-widget-divider .elementor-divider-separator{display:flex;margin:0;direction:ltr}.elementor-widget-divider--view-line_icon .elementor-divider-separator,.elementor-widget-divider--view-line_text .elementor-divider-separator{align-items:center}.elementor-widget-divider--view-line_icon .elementor-divider-separator:after,.elementor-widget-divider--view-line_icon .elementor-divider-separator:before,.elementor-widget-divider--view-line_text .elementor-divider-separator:after,.elementor-widget-divider--view-line_text .elementor-divider-separator:before{display:block;content:\"\";border-bottom:0;flex-grow:1;border-top:var(--divider-border-width) var(--divider-border-style) var(--divider-color)}.elementor-widget-divider--element-align-left .elementor-divider .elementor-divider-separator>.elementor-divider__svg:first-of-type{flex-grow:0;flex-shrink:100}.elementor-widget-divider--element-align-left .elementor-divider-separator:before{content:none}.elementor-widget-divider--element-align-left .elementor-divider__element{margin-left:0}.elementor-widget-divider--element-align-right .elementor-divider .elementor-divider-separator>.elementor-divider__svg:last-of-type{flex-grow:0;flex-shrink:100}.elementor-widget-divider--element-align-right .elementor-divider-separator:after{content:none}.elementor-widget-divider--element-align-right .elementor-divider__element{margin-right:0}.elementor-widget-divider:not(.elementor-widget-divider--view-line_text):not(.elementor-widget-divider--view-line_icon) .elementor-divider-separator{border-top:var(--divider-border-width) var(--divider-border-style) var(--divider-color)}.elementor-widget-divider--separator-type-pattern{--divider-border-style:none}.elementor-widget-divider--separator-type-pattern.elementor-widget-divider--view-line .elementor-divider-separator,.elementor-widget-divider--separator-type-pattern:not(.elementor-widget-divider--view-line) .elementor-divider-separator:after,.elementor-widget-divider--separator-type-pattern:not(.elementor-widget-divider--view-line) .elementor-divider-separator:before,.elementor-widget-divider--separator-type-pattern:not([class*=elementor-widget-divider--view]) .elementor-divider-separator{width:100%;min-height:var(--divider-pattern-height);-webkit-mask-size:var(--divider-pattern-size) 100%;mask-size:var(--divider-pattern-size) 100%;-webkit-mask-repeat:var(--divider-pattern-repeat);mask-repeat:var(--divider-pattern-repeat);background-color:var(--divider-color);-webkit-mask-image:var(--divider-pattern-url);mask-image:var(--divider-pattern-url)}.elementor-widget-divider--no-spacing{--divider-pattern-size:auto}.elementor-widget-divider--bg-round{--divider-pattern-repeat:round}.rtl .elementor-widget-divider .elementor-divider__text{direction:rtl}.e-con-inner>.elementor-widget-divider,.e-con>.elementor-widget-divider{width:var(--container-widget-width,100%);--flex-grow:var(--container-widget-flex-grow)}<\/style>\t\t<div class=\"elementor-divider\">\n\t\t\t<span class=\"elementor-divider-separator\">\n\t\t\t\t\t\t<\/span>\n\t\t<\/div>\n\t\t\t\t<\/div>\n\t\t\t\t<\/div>\n\t\t\t\t<div class=\"elementor-element elementor-element-1d82a13b elementor-widget elementor-widget-heading\" data-id=\"1d82a13b\" data-element_type=\"widget\" data-widget_type=\"heading.default\">\n\t\t\t\t<div class=\"elementor-widget-container\">\n\t\t\t<h2 class=\"elementor-heading-title elementor-size-default\">Cuadros destacados<\/h2>\t\t<\/div>\n\t\t\t\t<\/div>\n\t\t\t\t\t<\/div>\n\t\t<\/div>\n\t\t\t\t\t\t\t<\/div>\n\t\t<\/section>\n\t\t\t\t<section class=\"elementor-section elementor-top-section elementor-element elementor-element-3f8d1ea elementor-section-boxed elementor-section-height-default elementor-section-height-default\" data-id=\"3f8d1ea\" data-element_type=\"section\" data-settings=\"{&quot;background_background&quot;:&quot;classic&quot;}\">\n\t\t\t\t\t\t<div class=\"elementor-container elementor-column-gap-default\">\n\t\t\t\t\t<div class=\"elementor-column elementor-col-33 elementor-top-column elementor-element elementor-element-87b0ad7\" data-id=\"87b0ad7\" data-element_type=\"column\">\n\t\t\t<div class=\"elementor-widget-wrap elementor-element-populated\">\n\t\t\t\t\t\t\t\t<div class=\"elementor-element elementor-element-a0df5b0 elementor-position-top elementor-widget elementor-widget-image-box\" data-id=\"a0df5b0\" data-element_type=\"widget\" data-widget_type=\"image-box.default\">\n\t\t\t\t<div class=\"elementor-widget-container\">\n\t\t\t<style>\/*! elementor - v3.15.0 - 02-08-2023 *\/\n.elementor-widget-image-box .elementor-image-box-content{width:100%}@media (min-width:768px){.elementor-widget-image-box.elementor-position-left .elementor-image-box-wrapper,.elementor-widget-image-box.elementor-position-right .elementor-image-box-wrapper{display:flex}.elementor-widget-image-box.elementor-position-right .elementor-image-box-wrapper{text-align:right;flex-direction:row-reverse}.elementor-widget-image-box.elementor-position-left .elementor-image-box-wrapper{text-align:left;flex-direction:row}.elementor-widget-image-box.elementor-position-top .elementor-image-box-img{margin:auto}.elementor-widget-image-box.elementor-vertical-align-top .elementor-image-box-wrapper{align-items:flex-start}.elementor-widget-image-box.elementor-vertical-align-middle .elementor-image-box-wrapper{align-items:center}.elementor-widget-image-box.elementor-vertical-align-bottom .elementor-image-box-wrapper{align-items:flex-end}}@media (max-width:767px){.elementor-widget-image-box .elementor-image-box-img{margin-left:auto!important;margin-right:auto!important;margin-bottom:15px}}.elementor-widget-image-box .elementor-image-box-img{display:inline-block}.elementor-widget-image-box .elementor-image-box-title a{color:inherit}.elementor-widget-image-box .elementor-image-box-wrapper{text-align:center}.elementor-widget-image-box .elementor-image-box-description{margin:0}<\/style><div class=\"elementor-image-box-wrapper\"><figure class=\"elementor-image-box-img\"><a href=\"http:\/\/rodyart.es\/index.php\/caballos-pastel\/\"><img decoding=\"async\" width=\"300\" height=\"182\" src=\"http:\/\/rodyart.es\/wp-content\/uploads\/2023\/08\/IMG-20230803-WA0005-300x182.jpg\" class=\"attachment-medium size-medium wp-image-408\" alt=\"Horses riding freedom \/ Caballos cabalgando el libertad\" loading=\"lazy\" srcset=\"http:\/\/rodyart.es\/wp-content\/uploads\/2023\/08\/IMG-20230803-WA0005-300x182.jpg 300w, http:\/\/rodyart.es\/wp-content\/uploads\/2023\/08\/IMG-20230803-WA0005-1024x622.jpg 1024w, http:\/\/rodyart.es\/wp-content\/uploads\/2023\/08\/IMG-20230803-WA0005-768x466.jpg 768w, http:\/\/rodyart.es\/wp-content\/uploads\/2023\/08\/IMG-20230803-WA0005-1536x933.jpg 1536w, http:\/\/rodyart.es\/wp-content\/uploads\/2023\/08\/IMG-20230803-WA0005.jpg 1882w\" sizes=\"(max-width: 300px) 100vw, 300px\" \/><\/a><\/figure><\/div>\t\t<\/div>\n\t\t\t\t<\/div>\n\t\t\t\t\t<\/div>\n\t\t<\/div>\n\t\t\t\t<div class=\"elementor-column elementor-col-33 elementor-top-column elementor-element elementor-element-84f5efa\" data-id=\"84f5efa\" data-element_type=\"column\">\n\t\t\t<div class=\"elementor-widget-wrap elementor-element-populated\">\n\t\t\t\t\t\t\t\t<div class=\"elementor-element elementor-element-b9701ed elementor-position-top elementor-widget elementor-widget-image-box\" data-id=\"b9701ed\" data-element_type=\"widget\" data-widget_type=\"image-box.default\">\n\t\t\t\t<div class=\"elementor-widget-container\">\n\t\t\t<div class=\"elementor-image-box-wrapper\"><figure class=\"elementor-image-box-img\"><a href=\"http:\/\/rodyart.es\/index.php\/rinoceronte-horizontal-a-pastel\/\"><img decoding=\"async\" width=\"300\" height=\"225\" src=\"http:\/\/rodyart.es\/wp-content\/uploads\/2023\/08\/P1020287-300x225.jpg\" class=\"attachment-medium size-medium wp-image-384\" alt=\"Cuadro de rinoceronte pintado a pastel\" loading=\"lazy\" srcset=\"http:\/\/rodyart.es\/wp-content\/uploads\/2023\/08\/P1020287-300x225.jpg 300w, http:\/\/rodyart.es\/wp-content\/uploads\/2023\/08\/P1020287-1024x768.jpg 1024w, http:\/\/rodyart.es\/wp-content\/uploads\/2023\/08\/P1020287-768x576.jpg 768w, http:\/\/rodyart.es\/wp-content\/uploads\/2023\/08\/P1020287-1536x1152.jpg 1536w, http:\/\/rodyart.es\/wp-content\/uploads\/2023\/08\/P1020287-2048x1536.jpg 2048w\" sizes=\"(max-width: 300px) 100vw, 300px\" \/><\/a><\/figure><\/div>\t\t<\/div>\n\t\t\t\t<\/div>\n\t\t\t\t\t<\/div>\n\t\t<\/div>\n\t\t\t\t<div class=\"elementor-column elementor-col-33 elementor-top-column elementor-element elementor-element-44e9267\" data-id=\"44e9267\" data-element_type=\"column\">\n\t\t\t<div class=\"elementor-widget-wrap elementor-element-populated\">\n\t\t\t\t\t\t\t\t<div class=\"elementor-element elementor-element-c8cc1b0 elementor-position-top elementor-widget elementor-widget-image-box\" data-id=\"c8cc1b0\" data-element_type=\"widget\" data-widget_type=\"image-box.default\">\n\t\t\t\t<div class=\"elementor-widget-container\">\n\t\t\t<div class=\"elementor-image-box-wrapper\"><figure class=\"elementor-image-box-img\"><a href=\"http:\/\/rodyart.es\/index.php\/rinoceronte-pastel-vertical\/\"><img decoding=\"async\" width=\"231\" height=\"300\" src=\"http:\/\/rodyart.es\/wp-content\/uploads\/2023\/08\/IMG-20230803-WA0003-231x300.jpg\" class=\"attachment-medium size-medium wp-image-407\" alt=\"Rhino pastel painted \/ rinoceronte pintado a pastel\" loading=\"lazy\" srcset=\"http:\/\/rodyart.es\/wp-content\/uploads\/2023\/08\/IMG-20230803-WA0003-231x300.jpg 231w, http:\/\/rodyart.es\/wp-content\/uploads\/2023\/08\/IMG-20230803-WA0003-790x1024.jpg 790w, http:\/\/rodyart.es\/wp-content\/uploads\/2023\/08\/IMG-20230803-WA0003-768x996.jpg 768w, http:\/\/rodyart.es\/wp-content\/uploads\/2023\/08\/IMG-20230803-WA0003-1184x1536.jpg 1184w, http:\/\/rodyart.es\/wp-content\/uploads\/2023\/08\/IMG-20230803-WA0003.jpg 1364w\" sizes=\"(max-width: 231px) 100vw, 231px\" \/><\/a><\/figure><\/div>\t\t<\/div>\n\t\t\t\t<\/div>\n\t\t\t\t\t<\/div>\n\t\t<\/div>\n\t\t\t\t\t\t\t<\/div>\n\t\t<\/section>\n\t\t\t\t<section class=\"elementor-section elementor-top-section elementor-element elementor-element-70e2690c elementor-section-boxed elementor-section-height-default elementor-section-height-default\" data-id=\"70e2690c\" data-element_type=\"section\" data-settings=\"{&quot;background_background&quot;:&quot;classic&quot;}\">\n\t\t\t\t\t\t<div class=\"elementor-container elementor-column-gap-default\">\n\t\t\t\t\t<div class=\"elementor-column elementor-col-33 elementor-top-column elementor-element elementor-element-228099fd\" data-id=\"228099fd\" data-element_type=\"column\">\n\t\t\t<div class=\"elementor-widget-wrap elementor-element-populated\">\n\t\t\t\t\t\t\t\t<div class=\"elementor-element elementor-element-66c18ded elementor-position-top elementor-widget elementor-widget-image-box\" data-id=\"66c18ded\" data-element_type=\"widget\" data-widget_type=\"image-box.default\">\n\t\t\t\t<div class=\"elementor-widget-container\">\n\t\t\t<div class=\"elementor-image-box-wrapper\"><figure class=\"elementor-image-box-img\"><a href=\"http:\/\/rodyart.es\/index.php\/gorilas-a-pastel\/\"><img decoding=\"async\" width=\"244\" height=\"300\" src=\"http:\/\/rodyart.es\/wp-content\/uploads\/2023\/08\/P1020314-244x300.jpg\" class=\"attachment-medium size-medium wp-image-401\" alt=\"Pastel painted gorilla family \/ Familia de gorilas pintada a pastel\" loading=\"lazy\" srcset=\"http:\/\/rodyart.es\/wp-content\/uploads\/2023\/08\/P1020314-244x300.jpg 244w, http:\/\/rodyart.es\/wp-content\/uploads\/2023\/08\/P1020314-832x1024.jpg 832w, http:\/\/rodyart.es\/wp-content\/uploads\/2023\/08\/P1020314-768x946.jpg 768w, http:\/\/rodyart.es\/wp-content\/uploads\/2023\/08\/P1020314-1248x1536.jpg 1248w, http:\/\/rodyart.es\/wp-content\/uploads\/2023\/08\/P1020314-1663x2048.jpg 1663w\" sizes=\"(max-width: 244px) 100vw, 244px\" \/><\/a><\/figure><\/div>\t\t<\/div>\n\t\t\t\t<\/div>\n\t\t\t\t\t<\/div>\n\t\t<\/div>\n\t\t\t\t<div class=\"elementor-column elementor-col-33 elementor-top-column elementor-element elementor-element-386809ff\" data-id=\"386809ff\" data-element_type=\"column\">\n\t\t\t<div class=\"elementor-widget-wrap\">\n\t\t\t\t\t\t\t\t\t<\/div>\n\t\t<\/div>\n\t\t\t\t<div class=\"elementor-column elementor-col-33 elementor-top-column elementor-element elementor-element-5258a05d\" data-id=\"5258a05d\" data-element_type=\"column\">\n\t\t\t<div class=\"elementor-widget-wrap\">\n\t\t\t\t\t\t\t\t\t<\/div>\n\t\t<\/div>\n\t\t\t\t\t\t\t<\/div>\n\t\t<\/section>\n\t\t\t\t<section class=\"elementor-section elementor-top-section elementor-element elementor-element-723d1ad elementor-section-boxed elementor-section-height-default elementor-section-height-default\" data-id=\"723d1ad\" data-element_type=\"section\">\n\t\t\t\t\t\t<div class=\"elementor-container elementor-column-gap-default\">\n\t\t\t\t\t<div class=\"elementor-column elementor-col-100 elementor-top-column elementor-element elementor-element-ec086f6\" data-id=\"ec086f6\" data-element_type=\"column\">\n\t\t\t<div class=\"elementor-widget-wrap\">\n\t\t\t\t\t\t\t\t\t<\/div>\n\t\t<\/div>\n\t\t\t\t\t\t\t<\/div>\n\t\t<\/section>\n\t\t\t\t\t\t\t<\/div>\n\t\t","protected":false},"excerpt":{"rendered":"<p>Animales pintados a pastel Animales pintados a pastel Ad\u00e9ntrate en el reino animal a trav\u00e9s de la mirada \u00fanica y expresiva de RodyArt. En esta secci\u00f3n, te invitamos a descubrir una colecci\u00f3n cautivadora de cuadros pintados a pastel que capturan la esencia misma de las criaturas que comparten nuestro planeta. Desde majestuosos depredadores hasta adorables [&hellip;]<\/p>\n","protected":false},"author":1,"featured_media":0,"parent":0,"menu_order":0,"comment_status":"closed","ping_status":"closed","template":"","meta":[],"_links":{"self":[{"href":"http:\/\/rodyart.es\/index.php\/wp-json\/wp\/v2\/pages\/258"}],"collection":[{"href":"http:\/\/rodyart.es\/index.php\/wp-json\/wp\/v2\/pages"}],"about":[{"href":"http:\/\/rodyart.es\/index.php\/wp-json\/wp\/v2\/types\/page"}],"author":[{"embeddable":true,"href":"http:\/\/rodyart.es\/index.php\/wp-json\/wp\/v2\/users\/1"}],"replies":[{"embeddable":true,"href":"http:\/\/rodyart.es\/index.php\/wp-json\/wp\/v2\/comments?post=258"}],"version-history":[{"count":70,"href":"http:\/\/rodyart.es\/index.php\/wp-json\/wp\/v2\/pages\/258\/revisions"}],"predecessor-version":[{"id":596,"href":"http:\/\/rodyart.es\/index.php\/wp-json\/wp\/v2\/pages\/258\/revisions\/596"}],"wp:attachment":[{"href":"http:\/\/rodyart.es\/index.php\/wp-json\/wp\/v2\/media?parent=258"}],"curies":[{"name":"wp","href":"https:\/\/api.w.org\/{rel}","templated":true}]}}